{"id":9095,"date":"2020-01-13T06:50:18","date_gmt":"2020-01-13T06:50:18","guid":{"rendered":"https:\/\/studiocouture.rafaeljiron.com\/lunima\/?page_id=9095"},"modified":"2024-07-21T22:02:22","modified_gmt":"2024-07-22T02:02:22","slug":"about-us","status":"publish","type":"page","link":"https:\/\/studiocoutureintl.com\/es\/about-us\/","title":{"rendered":"Sobre nosotros"},"content":{"rendered":"<div data-elementor-type=\"wp-page\" data-elementor-id=\"9095\" class=\"elementor elementor-9095\">\n\t\t\t\t\t\t<section class=\"elementor-section elementor-top-section elementor-element elementor-element-12682cf elementor-section-boxed elementor-section-height-default elementor-section-height-default\" data-id=\"12682cf\" data-element_type=\"section\">\n\t\t\t\t\t\t<div class=\"elementor-container elementor-column-gap-default\">\n\t\t\t\t\t<div class=\"elementor-column elementor-col-100 elementor-top-column elementor-element elementor-element-f7a3a03\" data-id=\"f7a3a03\" data-element_type=\"column\">\n\t\t\t<div class=\"elementor-widget-wrap elementor-element-populated\">\n\t\t\t\t\t\t<section class=\"elementor-section elementor-inner-section elementor-element elementor-element-e4f08be overlay-style elementor-section-boxed elementor-section-height-default elementor-section-height-default\" data-id=\"e4f08be\" data-element_type=\"section\" data-settings=\"{&quot;background_background&quot;:&quot;classic&quot;}\">\n\t\t\t\t\t\t<div class=\"elementor-container elementor-column-gap-default\">\n\t\t\t\t\t<div class=\"elementor-column elementor-col-100 elementor-inner-column elementor-element elementor-element-b4df812\" data-id=\"b4df812\" data-element_type=\"column\">\n\t\t\t<div class=\"elementor-widget-wrap elementor-element-populated\">\n\t\t\t\t\t\t<div class=\"elementor-element elementor-element-785b84b elementor-widget elementor-widget-heading\" data-id=\"785b84b\" data-element_type=\"widget\" data-widget_type=\"heading.default\">\n\t\t\t\t<div class=\"elementor-widget-container\">\n\t\t\t<style>\/*! elementor - v3.22.0 - 17-06-2024 *\/\n.elementor-heading-title{padding:0;margin:0;line-height:1}.elementor-widget-heading .elementor-heading-title[class*=elementor-size-]>a{color:inherit;font-size:inherit;line-height:inherit}.elementor-widget-heading .elementor-heading-title.elementor-size-small{font-size:15px}.elementor-widget-heading .elementor-heading-title.elementor-size-medium{font-size:19px}.elementor-widget-heading .elementor-heading-title.elementor-size-large{font-size:29px}.elementor-widget-heading .elementor-heading-title.elementor-size-xl{font-size:39px}.elementor-widget-heading .elementor-heading-title.elementor-size-xxl{font-size:59px}<\/style><h2 class=\"elementor-heading-title elementor-size-default\">Sobre nosotros<\/h2>\t\t<\/div>\n\t\t\t\t<\/div>\n\t\t\t\t\t<\/div>\n\t\t<\/div>\n\t\t\t\t\t<\/div>\n\t\t<\/section>\n\t\t\t\t\t<\/div>\n\t\t<\/div>\n\t\t\t\t\t<\/div>\n\t\t<\/section>\n\t\t\t\t<section class=\"elementor-section elementor-top-section elementor-element elementor-element-fd6231b elementor-section-boxed elementor-section-height-default elementor-section-height-default\" data-id=\"fd6231b\" data-element_type=\"section\">\n\t\t\t\t\t\t<div class=\"elementor-container elementor-column-gap-default\">\n\t\t\t\t\t<div class=\"elementor-column elementor-col-50 elementor-top-column elementor-element elementor-element-dc9b6ec order-wpb-xs-2\" data-id=\"dc9b6ec\" data-element_type=\"column\">\n\t\t\t<div class=\"elementor-widget-wrap elementor-element-populated\">\n\t\t\t\t\t\t<div class=\"elementor-element elementor-element-01e5d76 elementor-widget elementor-widget-bwp_image\" data-id=\"01e5d76\" data-element_type=\"widget\" data-widget_type=\"bwp_image.default\">\n\t\t\t\t<div class=\"elementor-widget-container\">\n\t\t\t<div class=\"bwp-widget-banner default\">\t\r\n\t<div class=\"bg-banner\">\r\n\t\t<div class=\"banner-wrapper banners\">\r\n\t\t\t\t\t\t\t<div class=\"bwp-image\">\r\n\t\t\t\t\t\t\t\t\t\t\t<a href=\"#\"><img decoding=\"async\" class=\"fade-in lazyload\" src=\"https:\/\/wpbingosite.com\/wordpress\/lunima\/wp-content\/uploads\/2024\/03\/banner-22.jpg\" alt=\"Banner Image\"><\/a>\r\n\t\t\t\t\t\t\t\t\t<\/div>\r\n\t\t\t\t\t\t<div class=\"banner-wrapper-infor\">\r\n\t\t\t\t<div class=\"info\">\r\n\t\t\t\t\t<div class=\"content\">\r\n\t\t\t\t\t\t\t\t\t\t\t\t\t\t\t\t\t\t\t\t\t\t\t\t\t\t\t\t\t<\/div>\r\n\t\t\t\t<\/div>\r\n\t\t\t<\/div>\r\n\t\t<\/div>\r\n\t<\/div>\r\n<\/div>\r\n\t\t<\/div>\n\t\t\t\t<\/div>\n\t\t\t\t\t<\/div>\n\t\t<\/div>\n\t\t\t\t<div class=\"elementor-column elementor-col-50 elementor-top-column elementor-element elementor-element-3ef7321 order-wpb-xs-1\" data-id=\"3ef7321\" data-element_type=\"column\">\n\t\t\t<div class=\"elementor-widget-wrap elementor-element-populated\">\n\t\t\t\t\t\t<div class=\"elementor-element elementor-element-725bae6 elementor-widget elementor-widget-heading\" data-id=\"725bae6\" data-element_type=\"widget\" data-widget_type=\"heading.default\">\n\t\t\t\t<div class=\"elementor-widget-container\">\n\t\t\t<h2 class=\"elementor-heading-title elementor-size-default\">Introducci\u00f3n a la joyer\u00eda<\/h2>\t\t<\/div>\n\t\t\t\t<\/div>\n\t\t\t\t<div class=\"elementor-element elementor-element-e33afc4 elementor-widget elementor-widget-text-editor\" data-id=\"e33afc4\" data-element_type=\"widget\" data-widget_type=\"text-editor.default\">\n\t\t\t\t<div class=\"elementor-widget-container\">\n\t\t\t<style>\/*! elementor - v3.22.0 - 17-06-2024 *\/\n.elementor-widget-text-editor.elementor-drop-cap-view-stacked .elementor-drop-cap{background-color:#69727d;color:#fff}.elementor-widget-text-editor.elementor-drop-cap-view-framed .elementor-drop-cap{color:#69727d;border:3px solid;background-color:transparent}.elementor-widget-text-editor:not(.elementor-drop-cap-view-default) .elementor-drop-cap{margin-top:8px}.elementor-widget-text-editor:not(.elementor-drop-cap-view-default) .elementor-drop-cap-letter{width:1em;height:1em}.elementor-widget-text-editor .elementor-drop-cap{float:left;text-align:center;line-height:1;font-size:50px}.elementor-widget-text-editor .elementor-drop-cap-letter{display:inline-block}<\/style>\t\t\t\tLa joyer\u00eda ha sido una parte integral de la cultura humana durante siglos, sirviendo como<br> adornos, s\u00edmbolos de estatus y expresiones de estilo personal. Desde la antig\u00fcedad<br> Desde civilizaciones hasta sociedades modernas, personas de todo el mundo han apreciado las joyas durante<br> su belleza, artesan\u00eda y simbolismo.\t\t\t\t\t\t<\/div>\n\t\t\t\t<\/div>\n\t\t\t\t\t<\/div>\n\t\t<\/div>\n\t\t\t\t\t<\/div>\n\t\t<\/section>\n\t\t\t\t<section class=\"elementor-section elementor-top-section elementor-element elementor-element-319e2bd elementor-section-full_width elementor-section-height-default elementor-section-height-default\" data-id=\"319e2bd\" data-element_type=\"section\">\n\t\t\t\t\t\t<div class=\"elementor-container elementor-column-gap-default\">\n\t\t\t\t\t<div class=\"elementor-column elementor-col-50 elementor-top-column elementor-element elementor-element-2093546\" data-id=\"2093546\" data-element_type=\"column\">\n\t\t\t<div class=\"elementor-widget-wrap elementor-element-populated\">\n\t\t\t\t\t\t<div class=\"elementor-element elementor-element-be051b5 elementor-widget elementor-widget-heading\" data-id=\"be051b5\" data-element_type=\"widget\" data-widget_type=\"heading.default\">\n\t\t\t\t<div class=\"elementor-widget-container\">\n\t\t\t<h2 class=\"elementor-heading-title elementor-size-default\">Eleva tu estilo<\/h2>\t\t<\/div>\n\t\t\t\t<\/div>\n\t\t\t\t<div class=\"elementor-element elementor-element-14362d1 elementor-widget__width-initial elementor-widget elementor-widget-text-editor\" data-id=\"14362d1\" data-element_type=\"widget\" data-widget_type=\"text-editor.default\">\n\t\t\t\t<div class=\"elementor-widget-container\">\n\t\t\t\t\t\t\tDesde piezas llamativas hasta dise\u00f1os delicados, nuestra colecci\u00f3n tiene el accesorio perfecto para complementar cualquier conjunto y realzar tu look.\t\t\t\t\t\t<\/div>\n\t\t\t\t<\/div>\n\t\t\t\t<div class=\"elementor-element elementor-element-bab0b22 elementor-mobile-align-center elementor-widget elementor-widget-bwp_button\" data-id=\"bab0b22\" data-element_type=\"widget\" data-widget_type=\"bwp_button.default\">\n\t\t\t\t<div class=\"elementor-widget-container\">\n\t\t\t\t\t<div class=\"bwp-button-widget\">\n\t\t\t<a href=\"https:\/\/studiocoutureintl.com\/es\/shop\/\" class=\"bwp-button-link default bwp-button\" role=\"button\">\n\t\t\t\t\t\t<span class=\"bwp-button-content-wrapper\">\n\t\t\t\t\t\t<span class=\"bwp-button-text\">COMPRA AHORA<\/span>\n\t\t<\/span>\n\t\t\t\t\t<\/a>\n\t\t<\/div>\n\t\t\t\t<\/div>\n\t\t\t\t<\/div>\n\t\t\t\t\t<\/div>\n\t\t<\/div>\n\t\t\t\t<div class=\"elementor-column elementor-col-50 elementor-top-column elementor-element elementor-element-8e05f44\" data-id=\"8e05f44\" data-element_type=\"column\">\n\t\t\t<div class=\"elementor-widget-wrap elementor-element-populated\">\n\t\t\t\t\t\t<div class=\"elementor-element elementor-element-eed649b elementor-widget elementor-widget-image\" data-id=\"eed649b\" data-element_type=\"widget\" data-widget_type=\"image.default\">\n\t\t\t\t<div class=\"elementor-widget-container\">\n\t\t\t<style>\/*! elementor - v3.22.0 - 17-06-2024 *\/\n.elementor-widget-image{text-align:center}.elementor-widget-image a{display:inline-block}.elementor-widget-image a img[src$=\".svg\"]{width:48px}.elementor-widget-image img{vertical-align:middle;display:inline-block}<\/style>\t\t\t\t\t\t\t\t\t\t<img fetchpriority=\"high\" decoding=\"async\" width=\"1024\" height=\"750\" src=\"https:\/\/studiocoutureintl.com\/wp-content\/uploads\/2024\/03\/banner-3.webp\" class=\"attachment-large size-large wp-image-48873\" alt=\"\" \/>\t\t\t\t\t\t\t\t\t\t\t\t\t<\/div>\n\t\t\t\t<\/div>\n\t\t\t\t\t<\/div>\n\t\t<\/div>\n\t\t\t\t\t<\/div>\n\t\t<\/section>\n\t\t\t\t<section class=\"elementor-section elementor-top-section elementor-element elementor-element-6f9ee30 elementor-section-boxed elementor-section-height-default elementor-section-height-default\" data-id=\"6f9ee30\" data-element_type=\"section\" data-settings=\"{&quot;background_background&quot;:&quot;classic&quot;}\">\n\t\t\t\t\t\t<div class=\"elementor-container elementor-column-gap-default\">\n\t\t\t\t\t<div class=\"elementor-column elementor-col-100 elementor-top-column elementor-element elementor-element-d611cb7\" data-id=\"d611cb7\" data-element_type=\"column\">\n\t\t\t<div class=\"elementor-widget-wrap elementor-element-populated\">\n\t\t\t\t\t\t<div class=\"elementor-element elementor-element-01e16f7 elementor-widget elementor-widget-bwp_testimonial\" data-id=\"01e16f7\" data-element_type=\"widget\" data-widget_type=\"bwp_testimonial.default\">\n\t\t\t\t<div class=\"elementor-widget-container\">\n\t\t\t<div class=\"bwp-testimonial default nav-show-hover\">\r\n\t<div class=\"block\">\r\n\t\t\t\t<div class=\"block_content\">\r\n\t\t\t<div id=\"testimonial_1490954601778670701\" class=\"slick-carousel\" data-autoplay=\"false\" data-centermode=\"true\" data-slidestoscroll=\"true\" data-nav=\"true\" data-dots=\"0\" data-columns4=\"1\" data-columns3=\"1\" data-columns2=\"1\" data-columns1=\"1\" data-columns=\"1\">\r\n\t\t\t\t\t\t\t\t\t\t\t\t\t\t\t<div class=\"testimonial-content\">\r\n\t\t\t\t\t\t\t\t\t\t\t\t\t\t\t\t\t<div class=\"item\">\r\n\t\t\t\t\t\t\t\t\t\t\t\t\t\t\t\t\t\t\t\t\t\t<div class=\"testimonial-item\">\r\n\t\t\t\t\t\t\t\t\t\t\t\t\t\t\t\t\t\t\t<h2 class=\"testimonial-title-content\">\u201cSe lo recomi\u00e9ndo a todos\u201d<\/h2>\r\n\t\t\t\t\t\t\t\t\t\t\t\t\t\t\t\t\t\t\t\t\t\t\t\t\t\t\t\t<div class=\"star star-5\"><\/div>\r\n\t\t\t\t\t\t\t\t\t\t\t\t\t\r\n\t\t\t\t\t\t\t\t<\/div>\r\n\t\t\t\t\t\t\t\t\t\t\t\t\t\t\t\t\t\t\t\t\t<div class=\"testimonial-info\">\r\n\t\t\t\t\t\t\t\t<div class=\"testimonial-customer-position\"><p class=\"post-excerpt\">\u201c Nunca me ha decepcionado, ni para m\u00ed ni como regalo, las piezas son preciosas, tienen un precio razonable y me encantan los toques personales... <\/p><\/div>\r\n\t\t\t\t\t\t\t\t<div class=\"testimonial-flex\">\r\n\t\t\t\t\t\t\t\t\t<h2 class=\"testimonial-customer-name\">Linda Maria<\/h2>\r\n\t\t\t\t\t\t\t\t\t<div class=\"testimonial-separator\">-<\/div>\r\n\t\t\t\t\t\t\t\t\t\t\t\t\t\t\t\t\t\t\t<div class=\"testimonial-job\">Designer<\/div>\r\n\t\t\t\t\t\t\t\t\t\t\t\t\t\t\t\t\t<\/div>\r\n\t\t\t\t\t\t\t<\/div>\r\n\t\t\t\t\t\t<\/div>\r\n\t\t\t\t\t\t<!-- Wrapper for slides -->\r\n\t\t\t\t\t \r\n\t\t\t\t\t<\/div>\r\n\t\t\t\t\t\t\t\t\t\t\t\t\t\t\t\t\t\t\t\t<div class=\"testimonial-content\">\r\n\t\t\t\t\t\t\t\t\t\t\t\t\t\t\t\t\t<div class=\"item\">\r\n\t\t\t\t\t\t\t\t\t\t\t\t\t\t\t\t\t\t\t\t\t\t<div class=\"testimonial-item\">\r\n\t\t\t\t\t\t\t\t\t\t\t\t\t\t\t\t\t\t\t<h2 class=\"testimonial-title-content\">Servicio Perfecto<\/h2>\r\n\t\t\t\t\t\t\t\t\t\t\t\t\t\t\t\t\t\t\t\t\t\t\t\t\t\t\t\t<div class=\"star star-4\"><\/div>\r\n\t\t\t\t\t\t\t\t\t\t\t\t\t\r\n\t\t\t\t\t\t\t\t<\/div>\r\n\t\t\t\t\t\t\t\t\t\t\t\t\t\t\t\t\t\t\t\t\t<div class=\"testimonial-info\">\r\n\t\t\t\t\t\t\t\t<div class=\"testimonial-customer-position\"><p class=\"post-excerpt\">\u201cUna gran empresa para comprar. Excelente\nProductos de calidad a buen precio. La entrega es eficiente y r\u00e1pida\u201d.\n<\/p><\/div>\r\n\t\t\t\t\t\t\t\t<div class=\"testimonial-flex\">\r\n\t\t\t\t\t\t\t\t\t<h2 class=\"testimonial-customer-name\">Ann Smith<\/h2>\r\n\t\t\t\t\t\t\t\t\t<div class=\"testimonial-separator\">-<\/div>\r\n\t\t\t\t\t\t\t\t\t\t\t\t\t\t\t\t\t\t\t<div class=\"testimonial-job\">CEO &amp; Founder<\/div>\r\n\t\t\t\t\t\t\t\t\t\t\t\t\t\t\t\t\t<\/div>\r\n\t\t\t\t\t\t\t<\/div>\r\n\t\t\t\t\t\t<\/div>\r\n\t\t\t\t\t\t<!-- Wrapper for slides -->\r\n\t\t\t\t\t \r\n\t\t\t\t\t<\/div>\r\n\t\t\t\t\t\t\t\t\t\t\t\t\t\t\t\t\t\t\t\t<div class=\"testimonial-content\">\r\n\t\t\t\t\t\t\t\t\t\t\t\t\t\t\t\t\t<div class=\"item\">\r\n\t\t\t\t\t\t\t\t\t\t\t\t\t\t\t\t\t\t\t\t\t\t<div class=\"testimonial-item\">\r\n\t\t\t\t\t\t\t\t\t\t\t\t\t\t\t\t\t\t\t<h2 class=\"testimonial-title-content\">Me hace feliz<\/h2>\r\n\t\t\t\t\t\t\t\t\t\t\t\t\t\t\t\t\t\t\t\t\t\t\t\t\t\t\t\t<div class=\"star star-5\"><\/div>\r\n\t\t\t\t\t\t\t\t\t\t\t\t\t\r\n\t\t\t\t\t\t\t\t<\/div>\r\n\t\t\t\t\t\t\t\t\t\t\t\t\t\t\t\t\t\t\t\t\t<div class=\"testimonial-info\">\r\n\t\t\t\t\t\t\t\t<div class=\"testimonial-customer-position\"><p class=\"post-excerpt\">Calificaci\u00f3n de 5 estrellas 100%. Tan sorprendente y \u00fatil. Sin estr\u00e9s y divertido. Eileen fue incre\u00edble. Tan maravilloso.\n<\/p><\/div>\r\n\t\t\t\t\t\t\t\t<div class=\"testimonial-flex\">\r\n\t\t\t\t\t\t\t\t\t<h2 class=\"testimonial-customer-name\">Anana<\/h2>\r\n\t\t\t\t\t\t\t\t\t<div class=\"testimonial-separator\">-<\/div>\r\n\t\t\t\t\t\t\t\t\t\t\t\t\t\t\t\t\t\t\t<div class=\"testimonial-job\">Fot\u00f3grafo <\/div>\r\n\t\t\t\t\t\t\t\t\t\t\t\t\t\t\t\t\t<\/div>\r\n\t\t\t\t\t\t\t<\/div>\r\n\t\t\t\t\t\t<\/div>\r\n\t\t\t\t\t\t<!-- Wrapper for slides -->\r\n\t\t\t\t\t \r\n\t\t\t\t\t<\/div>\r\n\t\t\t\t\t\t\t\t\t\t\t\t\t\t\t\t\t\t\t\t<div class=\"testimonial-content\">\r\n\t\t\t\t\t\t\t\t\t\t\t\t\t\t\t\t\t<div class=\"item\">\r\n\t\t\t\t\t\t\t\t\t\t\t\t\t\t\t\t\t\t\t\t\t\t<div class=\"testimonial-item\">\r\n\t\t\t\t\t\t\t\t\t\t\t\t\t\t\t\t\t\t\t<h2 class=\"testimonial-title-content\">I love Almo<\/h2>\r\n\t\t\t\t\t\t\t\t\t\t\t\t\t\t\t\t\t\t\t\t\t\t\t\t\t\t\t\t<div class=\"star star-5\"><\/div>\r\n\t\t\t\t\t\t\t\t\t\t\t\t\t\r\n\t\t\t\t\t\t\t\t<\/div>\r\n\t\t\t\t\t\t\t\t\t\t\t\t\t\t\t\t\t\t\t\t\t<div class=\"testimonial-info\">\r\n\t\t\t\t\t\t\t\t<div class=\"testimonial-customer-position\"><p class=\"post-excerpt\">\"Espero realizar futuras transacciones con su empresa y con gusto recomendar\u00e9 sus servicios a otros\".\n<\/p><\/div>\r\n\t\t\t\t\t\t\t\t<div class=\"testimonial-flex\">\r\n\t\t\t\t\t\t\t\t\t<h2 class=\"testimonial-customer-name\">Linda<\/h2>\r\n\t\t\t\t\t\t\t\t\t<div class=\"testimonial-separator\">-<\/div>\r\n\t\t\t\t\t\t\t\t\t\t\t\t\t\t\t\t\t\t\t<div class=\"testimonial-job\">Designer<\/div>\r\n\t\t\t\t\t\t\t\t\t\t\t\t\t\t\t\t\t<\/div>\r\n\t\t\t\t\t\t\t<\/div>\r\n\t\t\t\t\t\t<\/div>\r\n\t\t\t\t\t\t<!-- Wrapper for slides -->\r\n\t\t\t\t\t \r\n\t\t\t\t\t<\/div>\r\n\t\t\t\t\t\t\t\t\t\t\t\t<\/div>\r\n\t\t<\/div>\r\n\t<\/div>\r\n<\/div>\r\n\t\t<\/div>\n\t\t\t\t<\/div>\n\t\t\t\t\t<\/div>\n\t\t<\/div>\n\t\t\t\t\t<\/div>\n\t\t<\/section>\n\t\t\t\t<\/div>","protected":false},"excerpt":{"rendered":"<p>About Us Introduction to Jewelry Jewelry has been an integral part of human culture for centuries, serving as adornments, status symbols, and expressions of personal style. From ancient civilizations to modern societies, people across the globe have cherished jewelry for its beauty, craftsmanship, and symbolism. Elevate Your Style From statement pieces to delicate designs, our [&hellip;]<\/p>","protected":false},"author":1,"featured_media":0,"parent":0,"menu_order":0,"comment_status":"closed","ping_status":"closed","template":"page-templates\/homepage.php","meta":{"om_disable_all_campaigns":false,"_monsterinsights_skip_tracking":false,"_monsterinsights_sitenote_active":false,"_monsterinsights_sitenote_note":"","_monsterinsights_sitenote_category":0,"footnotes":""},"aioseo_notices":[],"_links":{"self":[{"href":"https:\/\/studiocoutureintl.com\/es\/wp-json\/wp\/v2\/pages\/9095"}],"collection":[{"href":"https:\/\/studiocoutureintl.com\/es\/wp-json\/wp\/v2\/pages"}],"about":[{"href":"https:\/\/studiocoutureintl.com\/es\/wp-json\/wp\/v2\/types\/page"}],"author":[{"embeddable":true,"href":"https:\/\/studiocoutureintl.com\/es\/wp-json\/wp\/v2\/users\/1"}],"replies":[{"embeddable":true,"href":"https:\/\/studiocoutureintl.com\/es\/wp-json\/wp\/v2\/comments?post=9095"}],"version-history":[{"count":6,"href":"https:\/\/studiocoutureintl.com\/es\/wp-json\/wp\/v2\/pages\/9095\/revisions"}],"predecessor-version":[{"id":50749,"href":"https:\/\/studiocoutureintl.com\/es\/wp-json\/wp\/v2\/pages\/9095\/revisions\/50749"}],"wp:attachment":[{"href":"https:\/\/studiocoutureintl.com\/es\/wp-json\/wp\/v2\/media?parent=9095"}],"curies":[{"name":"wp","href":"https:\/\/api.w.org\/{rel}","templated":true}]}}